{"id":8107,"date":"2020-08-25T08:33:00","date_gmt":"2020-08-25T08:33:00","guid":{"rendered":"https:\/\/fox.withemes.com\/times\/?page_id=18"},"modified":"2024-10-12T18:39:53","modified_gmt":"2024-10-12T17:39:53","slug":"contatti","status":"publish","type":"page","link":"https:\/\/vanleeuwenlawfirm.eu\/it\/contatti\/","title":{"rendered":"Contatti"},"content":{"rendered":"\t\t<div data-elementor-type=\"wp-page\" data-elementor-id=\"8107\" class=\"elementor elementor-8107\">\n\t\t\t\t\t\t<section class=\"elementor-section elementor-top-section elementor-element elementor-element-2c5db4c elementor-section-boxed elementor-section-height-default elementor-section-height-default\" data-id=\"2c5db4c\" data-element_type=\"section\" data-e-type=\"section\">\n\t\t\t\t\t\t<div class=\"elementor-container elementor-column-gap-default\">\n\t\t\t\t\t<div class=\"elementor-column elementor-col-100 elementor-top-column elementor-element elementor-element-898df92\" data-id=\"898df92\" data-element_type=\"column\" data-e-type=\"column\">\n\t\t\t<div class=\"elementor-widget-wrap elementor-element-populated\">\n\t\t\t\t\t\t<div class=\"elementor-element elementor-element-185b97b elementor-widget elementor-widget-text-editor\" data-id=\"185b97b\" data-element_type=\"widget\" data-e-type=\"widget\" data-widget_type=\"text-editor.default\">\n\t\t\t\t<div class=\"elementor-widget-container\">\n\t\t\t\t\t\t\t\t\t<p>In un mondo in cui la criminalit\u00e0 finanziaria ed economica occupa sempre pi\u00f9 spesso le prime pagine, le accuse di questo tipo possono avere conseguenze catastrofiche sia per gli individui che per le aziende. Dal riciclaggio di denaro e frode fiscale al finanziamento del terrorismo e alla cybercriminalit\u00e0, le ripercussioni legali sono enormi e richiedono un&#8217;azione immediata e decisa. \u00c8 fondamentale non rimanere passivi, ma cercare un supporto solido e professionale. L&#8217;impatto di tali accuse pu\u00f2 infatti distruggere la tua reputazione, compromettere il tuo futuro finanziario e persino portare a pesanti multe e pene detentive. \u00c8 essenziale agire con determinazione e strategia nella lotta contro queste accuse.<\/p><p>Bas A.S. van Leeuwen, avvocato e revisore forense, \u00e8 pronto a guidarti con consulenze strategiche e una difesa efficace, affinch\u00e9 tu possa affrontare queste gravi accuse con fiducia. Con la sua profonda conoscenza degli aspetti giuridici e forensi dei crimini finanziari, offre un approccio unico ed efficace per comprendere la complessit\u00e0 della tua situazione. Che tu stia affrontando un&#8217;indagine, un&#8217;accusa o un processo, possiede l&#8217;expertise e l&#8217;esperienza necessarie per tutelare i tuoi interessi e sviluppare una solida strategia difensiva. Contattalo oggi stesso e fai il primo passo verso il recupero della tua reputazione e la protezione del tuo futuro.<\/p>\t\t\t\t\t\t\t\t<\/div>\n\t\t\t\t<\/div>\n\t\t\t\t\t<\/div>\n\t\t<\/div>\n\t\t\t\t\t<\/div>\n\t\t<\/section>\n\t\t\t\t<section class=\"elementor-section elementor-top-section elementor-element elementor-element-a098966 elementor-section-boxed elementor-section-height-default elementor-section-height-default\" data-id=\"a098966\" data-element_type=\"section\" data-e-type=\"section\">\n\t\t\t\t\t\t<div class=\"elementor-container elementor-column-gap-default\">\n\t\t\t\t\t<div class=\"elementor-column elementor-col-100 elementor-top-column elementor-element elementor-element-2b10409\" data-id=\"2b10409\" data-element_type=\"column\" data-e-type=\"column\">\n\t\t\t<div class=\"elementor-widget-wrap elementor-element-populated\">\n\t\t\t\t\t\t<div class=\"elementor-element elementor-element-b07cb81 elementor-widget elementor-widget-spacer\" data-id=\"b07cb81\" data-element_type=\"widget\" data-e-type=\"widget\" data-widget_type=\"spacer.default\">\n\t\t\t\t<div class=\"elementor-widget-container\">\n\t\t\t\t\t\t\t<div class=\"elementor-spacer\">\n\t\t\t<div class=\"elementor-spacer-inner\"><\/div>\n\t\t<\/div>\n\t\t\t\t\t\t<\/div>\n\t\t\t\t<\/div>\n\t\t\t\t\t<\/div>\n\t\t<\/div>\n\t\t\t\t\t<\/div>\n\t\t<\/section>\n\t\t\t\t<section class=\"elementor-section elementor-top-section elementor-element elementor-element-597413c elementor-section-boxed elementor-section-height-default elementor-section-height-default\" data-id=\"597413c\" data-element_type=\"section\" data-e-type=\"section\">\n\t\t\t\t\t\t<div class=\"elementor-container elementor-column-gap-default\">\n\t\t\t\t\t<div class=\"elementor-column elementor-col-100 elementor-top-column elementor-element elementor-element-8a87e98\" data-id=\"8a87e98\" data-element_type=\"column\" data-e-type=\"column\">\n\t\t\t<div class=\"elementor-widget-wrap elementor-element-populated\">\n\t\t\t\t\t\t<div class=\"elementor-element elementor-element-1a815f9 elementor-widget elementor-widget-heading\" data-id=\"1a815f9\" data-element_type=\"widget\" data-e-type=\"widget\" data-widget_type=\"heading.default\">\n\t\t\t\t<div class=\"elementor-widget-container\">\n\t\t\t\t\t\n<div class=\"fox-heading heading-line-double align-left\">\n\n\n<div class=\"heading-section heading-title\">\n\n    <h2 class=\"heading-title-main size-tiny\">Consultation Methods<span class=\"line line-left\"><\/span><span class=\"line line-right\"><\/span><\/h2>    \n<\/div><!-- .heading-title -->\n\n\n<\/div><!-- .fox-heading -->\t\t\t\t<\/div>\n\t\t\t\t<\/div>\n\t\t\t\t\t<\/div>\n\t\t<\/div>\n\t\t\t\t\t<\/div>\n\t\t<\/section>\n\t\t\t\t<section class=\"elementor-section elementor-top-section elementor-element elementor-element-fd268b3 elementor-section-boxed elementor-section-height-default elementor-section-height-default\" data-id=\"fd268b3\" data-element_type=\"section\" data-e-type=\"section\">\n\t\t\t\t\t\t<div class=\"elementor-container elementor-column-gap-default\">\n\t\t\t\t\t<div class=\"elementor-column elementor-col-100 elementor-top-column elementor-element elementor-element-4c7a18c\" data-id=\"4c7a18c\" data-element_type=\"column\" data-e-type=\"column\">\n\t\t\t<div class=\"elementor-widget-wrap\">\n\t\t\t\t\t\t\t<\/div>\n\t\t<\/div>\n\t\t\t\t\t<\/div>\n\t\t<\/section>\n\t\t\t\t<section class=\"elementor-section elementor-top-section elementor-element elementor-element-2d9dd4d elementor-section-boxed elementor-section-height-default elementor-section-height-default\" data-id=\"2d9dd4d\" data-element_type=\"section\" data-e-type=\"section\">\n\t\t\t\t\t\t<div class=\"elementor-container elementor-column-gap-default\">\n\t\t\t\t\t<div class=\"elementor-column elementor-col-100 elementor-top-column elementor-element elementor-element-260c1cf\" data-id=\"260c1cf\" data-element_type=\"column\" data-e-type=\"column\">\n\t\t\t<div class=\"elementor-widget-wrap elementor-element-populated\">\n\t\t\t\t\t\t<div class=\"elementor-element elementor-element-1c386ab elementor-widget elementor-widget-post-grid\" data-id=\"1c386ab\" data-element_type=\"widget\" data-e-type=\"widget\" data-widget_type=\"post-grid.default\">\n\t\t\t\t<div class=\"elementor-widget-container\">\n\t\t\t\t\t\r\n\r\n<div class=\"blog-container blog-container-grid\">\r\n    \r\n    <div class=\"wi-blog fox-blog blog-grid fox-grid blog-card-has-shadow blog-card-normal column-4 spacing-normal\">\r\n    \r\n    \n<article class=\"wi-post post-item post-grid fox-grid-item post-align- post--thumbnail-before post-844 post type-post status-publish format-standard has-post-thumbnail hentry category-metodi-di-consultazione\" itemscope itemtype=\"https:\/\/schema.org\/CreativeWork\">\n\n    <div class=\"post-item-inner grid-inner post-grid-inner\">\n        \n                \n            \r\n<figure class=\"wi-thumbnail fox-thumbnail post-item-thumbnail fox-figure  grid-thumbnail thumbnail-acute  hover-none\" itemscope itemtype=\"https:\/\/schema.org\/ImageObject\">\r\n    \r\n    <div class=\"thumbnail-inner\">\r\n    \r\n                \r\n        <a href=\"https:\/\/vanleeuwenlawfirm.eu\/it\/metodi-di-consultazione\/conversazioni-personali-in-ufficio\/\" class=\"post-link\">\r\n            \r\n        \r\n            <span class=\"image-element\">\r\n\r\n                <img fetchpriority=\"high\" decoding=\"async\" width=\"480\" height=\"384\" src=\"https:\/\/vanleeuwenlawfirm.eu\/it\/wp-content\/uploads\/sites\/129\/2021\/11\/face-face-concept-illustration_114360-7656-480x384.jpg\" class=\"attachment-thumbnail-medium size-thumbnail-medium\" alt=\"\" \/>\r\n            <\/span><!-- .image-element -->\r\n\r\n            \r\n            \r\n                    \r\n        <\/a>\r\n        \r\n                \r\n    <\/div><!-- .thumbnail-inner -->\r\n    \r\n    \r\n<\/figure><!-- .fox-thumbnail -->\r\n\r\n\n<div class=\"post-body post-item-body grid-body post-grid-body\">\n\n    <div class=\"post-body-inner\">\n\n        <div class=\"post-item-header\">\r\n<h2 class=\"post-item-title wi-post-title fox-post-title post-header-section size-small weight-300 custom-color\" itemprop=\"headline\" style=\"color:#754472\">\r\n    <a href=\"https:\/\/vanleeuwenlawfirm.eu\/it\/metodi-di-consultazione\/conversazioni-personali-in-ufficio\/\" rel=\"bookmark\">        \r\n        Conversazioni personali in ufficio\r\n    <\/a>\r\n<\/h2><\/div><div class=\"post-item-excerpt entry-excerpt excerpt-size-small\" itemprop=\"text\">\r\n    \r\n    <p>Se preferisci un modo tradizionale di comunicare e desideri ricevere consulenza legale, l&#8217;avvocato Bas A.S. van Leeuwen offre la possibilit\u00e0 di pianificare una consultazione personale nel suo ufficio. Questa opzione \u00e8 particolarmente adatta a coloro che danno importanza al contatto&hellip;<\/p>\n<a href=\"https:\/\/vanleeuwenlawfirm.eu\/it\/metodi-di-consultazione\/conversazioni-personali-in-ufficio\/\" class=\"readmore fox-btn btn-tiny btn-black\">Discover More<\/a>    \r\n<\/div>\r\n    \n    <\/div>\n\n<\/div><!-- .post-item-body -->\n\n\n        \n    <\/div><!-- .post-item-inner -->\n\n<\/article><!-- .post-item -->\n<article class=\"wi-post post-item post-grid fox-grid-item post-align- post--thumbnail-before post-147 post type-post status-publish format-standard has-post-thumbnail hentry category-metodi-di-consultazione\" itemscope itemtype=\"https:\/\/schema.org\/CreativeWork\">\n\n    <div class=\"post-item-inner grid-inner post-grid-inner\">\n        \n                \n            \r\n<figure class=\"wi-thumbnail fox-thumbnail post-item-thumbnail fox-figure  grid-thumbnail thumbnail-acute  hover-none\" itemscope itemtype=\"https:\/\/schema.org\/ImageObject\">\r\n    \r\n    <div class=\"thumbnail-inner\">\r\n    \r\n                \r\n        <a href=\"https:\/\/vanleeuwenlawfirm.eu\/it\/metodi-di-consultazione\/videoconferenze\/\" class=\"post-link\">\r\n            \r\n        \r\n            <span class=\"image-element\">\r\n\r\n                <img decoding=\"async\" width=\"480\" height=\"384\" src=\"https:\/\/vanleeuwenlawfirm.eu\/it\/wp-content\/uploads\/sites\/129\/2021\/11\/webinar-concept-illustration_114360-4904-480x384.jpg\" class=\"attachment-thumbnail-medium size-thumbnail-medium\" alt=\"\" \/>\r\n            <\/span><!-- .image-element -->\r\n\r\n            \r\n            \r\n                    \r\n        <\/a>\r\n        \r\n                \r\n    <\/div><!-- .thumbnail-inner -->\r\n    \r\n    \r\n<\/figure><!-- .fox-thumbnail -->\r\n\r\n\n<div class=\"post-body post-item-body grid-body post-grid-body\">\n\n    <div class=\"post-body-inner\">\n\n        <div class=\"post-item-header\">\r\n<h2 class=\"post-item-title wi-post-title fox-post-title post-header-section size-small weight-300 custom-color\" itemprop=\"headline\" style=\"color:#754472\">\r\n    <a href=\"https:\/\/vanleeuwenlawfirm.eu\/it\/metodi-di-consultazione\/videoconferenze\/\" rel=\"bookmark\">        \r\n        Videoconferenze\r\n    <\/a>\r\n<\/h2><\/div><div class=\"post-item-excerpt entry-excerpt excerpt-size-small\" itemprop=\"text\">\r\n    \r\n    <p>Se stai cercando un&#8217;alternativa pi\u00f9 flessibile e che faccia risparmiare tempo rispetto alle riunioni tradizionali, \u00e8 un&#8217;ottima opzione prenotare una videoconferenza con l&#8217;avvocato Bas A.S. van Leeuwen. Questo metodo di comunicazione moderna ti consente di ricevere un supporto legale approfondito&hellip;<\/p>\n<a href=\"https:\/\/vanleeuwenlawfirm.eu\/it\/metodi-di-consultazione\/videoconferenze\/\" class=\"readmore fox-btn btn-tiny btn-black\">Discover More<\/a>    \r\n<\/div>\r\n    \n    <\/div>\n\n<\/div><!-- .post-item-body -->\n\n\n        \n    <\/div><!-- .post-item-inner -->\n\n<\/article><!-- .post-item -->\n<article class=\"wi-post post-item post-grid fox-grid-item post-align- post--thumbnail-before post-10282 post type-post status-publish format-standard has-post-thumbnail hentry category-metodi-di-consultazione\" itemscope itemtype=\"https:\/\/schema.org\/CreativeWork\">\n\n    <div class=\"post-item-inner grid-inner post-grid-inner\">\n        \n                \n            \r\n<figure class=\"wi-thumbnail fox-thumbnail post-item-thumbnail fox-figure  grid-thumbnail thumbnail-acute  hover-none\" itemscope itemtype=\"https:\/\/schema.org\/ImageObject\">\r\n    \r\n    <div class=\"thumbnail-inner\">\r\n    \r\n                \r\n        <a href=\"https:\/\/vanleeuwenlawfirm.eu\/it\/metodi-di-consultazione\/consultazioni-telefoniche\/\" class=\"post-link\">\r\n            \r\n        \r\n            <span class=\"image-element\">\r\n\r\n                <img decoding=\"async\" width=\"480\" height=\"384\" src=\"https:\/\/vanleeuwenlawfirm.eu\/it\/wp-content\/uploads\/sites\/129\/2021\/11\/cellphone-concept-illustration_114360-6388-480x384.jpg\" class=\"attachment-thumbnail-medium size-thumbnail-medium\" alt=\"\" \/>\r\n            <\/span><!-- .image-element -->\r\n\r\n            \r\n            \r\n                    \r\n        <\/a>\r\n        \r\n                \r\n    <\/div><!-- .thumbnail-inner -->\r\n    \r\n    \r\n<\/figure><!-- .fox-thumbnail -->\r\n\r\n\n<div class=\"post-body post-item-body grid-body post-grid-body\">\n\n    <div class=\"post-body-inner\">\n\n        <div class=\"post-item-header\">\r\n<h2 class=\"post-item-title wi-post-title fox-post-title post-header-section size-small weight-300 custom-color\" itemprop=\"headline\" style=\"color:#754472\">\r\n    <a href=\"https:\/\/vanleeuwenlawfirm.eu\/it\/metodi-di-consultazione\/consultazioni-telefoniche\/\" rel=\"bookmark\">        \r\n        Consultazioni telefoniche\r\n    <\/a>\r\n<\/h2><\/div><div class=\"post-item-excerpt entry-excerpt excerpt-size-small\" itemprop=\"text\">\r\n    \r\n    <p>Per coloro che preferiscono un metodo di comunicazione semplice e flessibile, l&#8217;avvocato Bas A.S. van Leeuwen offre anche consultazioni telefoniche. Questo metodo \u00e8 progettato specificamente per adattarsi al tuo stile di vita impegnato, permettendoti di discutere facilmente dei tuoi problemi&hellip;<\/p>\n<a href=\"https:\/\/vanleeuwenlawfirm.eu\/it\/metodi-di-consultazione\/consultazioni-telefoniche\/\" class=\"readmore fox-btn btn-tiny btn-black\">Discover More<\/a>    \r\n<\/div>\r\n    \n    <\/div>\n\n<\/div><!-- .post-item-body -->\n\n\n        \n    <\/div><!-- .post-item-inner -->\n\n<\/article><!-- .post-item -->\n<article class=\"wi-post post-item post-grid fox-grid-item post-align- post--thumbnail-before post-10288 post type-post status-publish format-standard has-post-thumbnail hentry category-metodi-di-consultazione\" itemscope itemtype=\"https:\/\/schema.org\/CreativeWork\">\n\n    <div class=\"post-item-inner grid-inner post-grid-inner\">\n        \n                \n            \r\n<figure class=\"wi-thumbnail fox-thumbnail post-item-thumbnail fox-figure  grid-thumbnail thumbnail-acute  hover-none\" itemscope itemtype=\"https:\/\/schema.org\/ImageObject\">\r\n    \r\n    <div class=\"thumbnail-inner\">\r\n    \r\n                \r\n        <a href=\"https:\/\/vanleeuwenlawfirm.eu\/it\/metodi-di-consultazione\/richieste-scritte-via-e-mail\/\" class=\"post-link\">\r\n            \r\n        \r\n            <span class=\"image-element\">\r\n\r\n                <img loading=\"lazy\" decoding=\"async\" width=\"480\" height=\"384\" src=\"https:\/\/vanleeuwenlawfirm.eu\/it\/wp-content\/uploads\/sites\/129\/2021\/11\/editing-body-text-concept-illustration_114360-5501-480x384.jpg\" class=\"attachment-thumbnail-medium size-thumbnail-medium\" alt=\"\" \/>\r\n            <\/span><!-- .image-element -->\r\n\r\n            \r\n            \r\n                    \r\n        <\/a>\r\n        \r\n                \r\n    <\/div><!-- .thumbnail-inner -->\r\n    \r\n    \r\n<\/figure><!-- .fox-thumbnail -->\r\n\r\n\n<div class=\"post-body post-item-body grid-body post-grid-body\">\n\n    <div class=\"post-body-inner\">\n\n        <div class=\"post-item-header\">\r\n<h2 class=\"post-item-title wi-post-title fox-post-title post-header-section size-small weight-300 custom-color\" itemprop=\"headline\" style=\"color:#754472\">\r\n    <a href=\"https:\/\/vanleeuwenlawfirm.eu\/it\/metodi-di-consultazione\/richieste-scritte-via-e-mail\/\" rel=\"bookmark\">        \r\n        Richieste scritte via e-mail\r\n    <\/a>\r\n<\/h2><\/div><div class=\"post-item-excerpt entry-excerpt excerpt-size-small\" itemprop=\"text\">\r\n    \r\n    <p>Se hai una domanda specifica o desideri ricevere una risposta scritta chiara, puoi facilmente contattare l&#8217;avvocato Bas A.S. van Leeuwen via e-mail. Questo metodo \u00e8 particolarmente vantaggioso per coloro che preferiscono esprimere i propri pensieri e preoccupazioni per iscritto e&hellip;<\/p>\n<a href=\"https:\/\/vanleeuwenlawfirm.eu\/it\/metodi-di-consultazione\/richieste-scritte-via-e-mail\/\" class=\"readmore fox-btn btn-tiny btn-black\">Discover More<\/a>    \r\n<\/div>\r\n    \n    <\/div>\n\n<\/div><!-- .post-item-body -->\n\n\n        \n    <\/div><!-- .post-item-inner -->\n\n<\/article><!-- .post-item -->        \r\n            \r\n    <\/div><!-- .fox-blog -->\r\n    \r\n        \r\n<\/div><!-- .fox-blog-container -->\r\n\r\n    \t\t\t\t<\/div>\n\t\t\t\t<\/div>\n\t\t\t\t\t<\/div>\n\t\t<\/div>\n\t\t\t\t\t<\/div>\n\t\t<\/section>\n\t\t\t\t<section class=\"elementor-section elementor-top-section elementor-element elementor-element-437f48e elementor-section-boxed elementor-section-height-default elementor-section-height-default\" data-id=\"437f48e\" data-element_type=\"section\" data-e-type=\"section\">\n\t\t\t\t\t\t<div class=\"elementor-container elementor-column-gap-default\">\n\t\t\t\t\t<div class=\"elementor-column elementor-col-100 elementor-top-column elementor-element elementor-element-07f469d\" data-id=\"07f469d\" data-element_type=\"column\" data-e-type=\"column\">\n\t\t\t<div class=\"elementor-widget-wrap elementor-element-populated\">\n\t\t\t\t\t\t<div class=\"elementor-element elementor-element-a08b96b elementor-widget elementor-widget-spacer\" data-id=\"a08b96b\" data-element_type=\"widget\" data-e-type=\"widget\" data-widget_type=\"spacer.default\">\n\t\t\t\t<div class=\"elementor-widget-container\">\n\t\t\t\t\t\t\t<div class=\"elementor-spacer\">\n\t\t\t<div class=\"elementor-spacer-inner\"><\/div>\n\t\t<\/div>\n\t\t\t\t\t\t<\/div>\n\t\t\t\t<\/div>\n\t\t\t\t\t<\/div>\n\t\t<\/div>\n\t\t\t\t\t<\/div>\n\t\t<\/section>\n\t\t\t\t<section class=\"elementor-section elementor-top-section elementor-element elementor-element-1950641 elementor-section-boxed elementor-section-height-default elementor-section-height-default\" data-id=\"1950641\" data-element_type=\"section\" data-e-type=\"section\">\n\t\t\t\t\t\t<div class=\"elementor-container elementor-column-gap-default\">\n\t\t\t\t\t<div class=\"elementor-column elementor-col-100 elementor-top-column elementor-element elementor-element-477ce2b\" data-id=\"477ce2b\" data-element_type=\"column\" data-e-type=\"column\">\n\t\t\t<div class=\"elementor-widget-wrap elementor-element-populated\">\n\t\t\t\t\t\t<div class=\"elementor-element elementor-element-0872dca elementor-widget elementor-widget-heading\" data-id=\"0872dca\" data-element_type=\"widget\" data-e-type=\"widget\" data-widget_type=\"heading.default\">\n\t\t\t\t<div class=\"elementor-widget-container\">\n\t\t\t\t\t\n<div class=\"fox-heading heading-line-double align-left\">\n\n\n<div class=\"heading-section heading-title\">\n\n    <h2 class=\"heading-title-main size-tiny\">Contact Details<span class=\"line line-left\"><\/span><span class=\"line line-right\"><\/span><\/h2>    \n<\/div><!-- .heading-title -->\n\n\n<\/div><!-- .fox-heading -->\t\t\t\t<\/div>\n\t\t\t\t<\/div>\n\t\t\t\t\t<\/div>\n\t\t<\/div>\n\t\t\t\t\t<\/div>\n\t\t<\/section>\n\t\t\t\t<section class=\"elementor-section elementor-top-section elementor-element elementor-element-9b51023 elementor-section-boxed elementor-section-height-default elementor-section-height-default\" data-id=\"9b51023\" data-element_type=\"section\" data-e-type=\"section\">\n\t\t\t\t\t\t<div class=\"elementor-container elementor-column-gap-default\">\n\t\t\t\t\t<div class=\"elementor-column elementor-col-50 elementor-top-column elementor-element elementor-element-c1ce837\" data-id=\"c1ce837\" data-element_type=\"column\" data-e-type=\"column\">\n\t\t\t<div class=\"elementor-widget-wrap elementor-element-populated\">\n\t\t\t\t\t\t<div class=\"elementor-element elementor-element-e00e756 elementor-widget elementor-widget-text-editor\" data-id=\"e00e756\" data-element_type=\"widget\" data-e-type=\"widget\" data-widget_type=\"text-editor.default\">\n\t\t\t\t<div class=\"elementor-widget-container\">\n\t\t\t\t\t\t\t\t\t<p><strong>Law Firm Van Leeuwen<\/strong><br \/>Stadsplateau 27<br \/>3521 AZ Utrecht-City<br \/>Netherlands<\/p>\n<p><strong>T<\/strong>: +31 85 06 07 520<br \/><strong>F<\/strong>: +31 30 605 15 51<br \/><strong>E<\/strong>: <a rel=\"noreferrer\">info@vanleeuwenlawfirm.eu<\/a><\/p>\n<p><strong>Chamber of Commerce<\/strong>: 68274491<br \/><strong>VAT<\/strong>: NL857370844B01<\/p>\t\t\t\t\t\t\t\t<\/div>\n\t\t\t\t<\/div>\n\t\t\t\t\t<\/div>\n\t\t<\/div>\n\t\t\t\t<div class=\"elementor-column elementor-col-50 elementor-top-column elementor-element elementor-element-6e47106\" data-id=\"6e47106\" data-element_type=\"column\" data-e-type=\"column\">\n\t\t\t<div class=\"elementor-widget-wrap elementor-element-populated\">\n\t\t\t\t\t\t<div class=\"elementor-element elementor-element-098e2ce elementor-widget elementor-widget-image\" data-id=\"098e2ce\" data-element_type=\"widget\" data-e-type=\"widget\" data-widget_type=\"image.default\">\n\t\t\t\t<div class=\"elementor-widget-container\">\n\t\t\t\t\t\t\t\t\t\t\t\t\t\t\t<img loading=\"lazy\" decoding=\"async\" width=\"384\" height=\"256\" src=\"https:\/\/vanleeuwenlawfirm.eu\/it\/wp-content\/uploads\/sites\/129\/2024\/01\/23672996_6788200-1536x1024-1-1.jpg\" class=\"attachment-large size-large wp-image-23093\" alt=\"\" srcset=\"https:\/\/vanleeuwenlawfirm.eu\/it\/wp-content\/uploads\/sites\/129\/2024\/01\/23672996_6788200-1536x1024-1-1.jpg 384w, https:\/\/vanleeuwenlawfirm.eu\/it\/wp-content\/uploads\/sites\/129\/2024\/01\/23672996_6788200-1536x1024-1-1-300x200.jpg 300w\" sizes=\"(max-width: 384px) 100vw, 384px\" \/>\t\t\t\t\t\t\t\t\t\t\t\t\t\t\t<\/div>\n\t\t\t\t<\/div>\n\t\t\t\t\t<\/div>\n\t\t<\/div>\n\t\t\t\t\t<\/div>\n\t\t<\/section>\n\t\t\t\t<section class=\"elementor-section elementor-top-section elementor-element elementor-element-2108c1b elementor-section-boxed elementor-section-height-default elementor-section-height-default\" data-id=\"2108c1b\" data-element_type=\"section\" data-e-type=\"section\">\n\t\t\t\t\t\t<div class=\"elementor-container elementor-column-gap-default\">\n\t\t\t\t\t<div class=\"elementor-column elementor-col-100 elementor-top-column elementor-element elementor-element-a68dc4b\" data-id=\"a68dc4b\" data-element_type=\"column\" data-e-type=\"column\">\n\t\t\t<div class=\"elementor-widget-wrap elementor-element-populated\">\n\t\t\t\t\t\t<div class=\"elementor-element elementor-element-1a78133 elementor-widget elementor-widget-spacer\" data-id=\"1a78133\" data-element_type=\"widget\" data-e-type=\"widget\" data-widget_type=\"spacer.default\">\n\t\t\t\t<div class=\"elementor-widget-container\">\n\t\t\t\t\t\t\t<div class=\"elementor-spacer\">\n\t\t\t<div class=\"elementor-spacer-inner\"><\/div>\n\t\t<\/div>\n\t\t\t\t\t\t<\/div>\n\t\t\t\t<\/div>\n\t\t\t\t\t<\/div>\n\t\t<\/div>\n\t\t\t\t\t<\/div>\n\t\t<\/section>\n\t\t\t\t<section class=\"elementor-section elementor-top-section elementor-element elementor-element-07a0857 elementor-section-boxed elementor-section-height-default elementor-section-height-default\" data-id=\"07a0857\" data-element_type=\"section\" data-e-type=\"section\">\n\t\t\t\t\t\t<div class=\"elementor-container elementor-column-gap-default\">\n\t\t\t\t\t<div class=\"elementor-column elementor-col-100 elementor-top-column elementor-element elementor-element-ae0a796\" data-id=\"ae0a796\" data-element_type=\"column\" data-e-type=\"column\">\n\t\t\t<div class=\"elementor-widget-wrap elementor-element-populated\">\n\t\t\t\t\t\t<div class=\"elementor-element elementor-element-1345f17 elementor-widget elementor-widget-google_maps\" data-id=\"1345f17\" data-element_type=\"widget\" data-e-type=\"widget\" data-widget_type=\"google_maps.default\">\n\t\t\t\t<div class=\"elementor-widget-container\">\n\t\t\t\t\t\t\t<div class=\"elementor-custom-embed\">\n\t\t\t<iframe loading=\"lazy\"\n\t\t\t\t\tsrc=\"https:\/\/maps.google.com\/maps?q=Stadsplateau%2027%2C%203521%20AZ%20Utrecht&#038;t=m&#038;z=13&#038;output=embed&#038;iwloc=near\"\n\t\t\t\t\ttitle=\"Stadsplateau 27, 3521 AZ Utrecht\"\n\t\t\t\t\taria-label=\"Stadsplateau 27, 3521 AZ Utrecht\"\n\t\t\t><\/iframe>\n\t\t<\/div>\n\t\t\t\t\t\t<\/div>\n\t\t\t\t<\/div>\n\t\t\t\t\t<\/div>\n\t\t<\/div>\n\t\t\t\t\t<\/div>\n\t\t<\/section>\n\t\t\t\t<\/div>\n\t\t","protected":false},"excerpt":{"rendered":"<p>Are you going through a difficult or worrying situation that requires legal advice and would like answers to your questions concerning your rights and obligations? Contact Me Jacinthe Leroux for a customized solution at reasonable rates that respects your needs and resources!<\/p>\n","protected":false},"author":3,"featured_media":25683,"parent":0,"menu_order":0,"comment_status":"closed","ping_status":"closed","template":"","meta":{"_acf_changed":false,"footnotes":""},"class_list":["post-8107","page","type-page","status-publish","has-post-thumbnail","hentry"],"acf":[],"_links":{"self":[{"href":"https:\/\/vanleeuwenlawfirm.eu\/it\/wp-json\/wp\/v2\/pages\/8107","targetHints":{"allow":["GET"]}}],"collection":[{"href":"https:\/\/vanleeuwenlawfirm.eu\/it\/wp-json\/wp\/v2\/pages"}],"about":[{"href":"https:\/\/vanleeuwenlawfirm.eu\/it\/wp-json\/wp\/v2\/types\/page"}],"author":[{"embeddable":true,"href":"https:\/\/vanleeuwenlawfirm.eu\/it\/wp-json\/wp\/v2\/users\/3"}],"replies":[{"embeddable":true,"href":"https:\/\/vanleeuwenlawfirm.eu\/it\/wp-json\/wp\/v2\/comments?post=8107"}],"version-history":[{"count":7,"href":"https:\/\/vanleeuwenlawfirm.eu\/it\/wp-json\/wp\/v2\/pages\/8107\/revisions"}],"predecessor-version":[{"id":25710,"href":"https:\/\/vanleeuwenlawfirm.eu\/it\/wp-json\/wp\/v2\/pages\/8107\/revisions\/25710"}],"wp:featuredmedia":[{"embeddable":true,"href":"https:\/\/vanleeuwenlawfirm.eu\/it\/wp-json\/wp\/v2\/media\/25683"}],"wp:attachment":[{"href":"https:\/\/vanleeuwenlawfirm.eu\/it\/wp-json\/wp\/v2\/media?parent=8107"}],"curies":[{"name":"wp","href":"https:\/\/api.w.org\/{rel}","templated":true}]}}